{"id":162,"date":"2020-04-20T11:30:20","date_gmt":"2020-04-20T14:30:20","guid":{"rendered":"https:\/\/www2.intelimedia.cl\/?page_id=162"},"modified":"2020-07-17T16:25:47","modified_gmt":"2020-07-17T19:25:47","slug":"contact-center","status":"publish","type":"page","link":"https:\/\/www.intelimedia.cl\/index.php\/contact-center\/","title":{"rendered":"Contact Center"},"content":{"rendered":"<p>[et_pb_section fb_built=&#8221;1&#8243; fullwidth=&#8221;on&#8221; _builder_version=&#8221;3.29.3&#8243; fb_built=&#8221;1&#8243; _i=&#8221;0&#8243; _address=&#8221;0&#8243;][et_pb_fullwidth_image _builder_version=&#8221;3.29.3&#8243; _i=&#8221;0&#8243; _address=&#8221;0.0&#8243;][\/et_pb_fullwidth_image][\/et_pb_section][et_pb_section fb_built=&#8221;1&#8243; _builder_version=&#8221;3.29.3&#8243; background_image=&#8221;https:\/\/www2.intelimedia.cl\/wp-content\/uploads\/2020\/04\/621477-PNUCBO-999-1024&#215;683.jpg&#8221; height=&#8221;447px&#8221; fb_built=&#8221;1&#8243; _i=&#8221;1&#8243; _address=&#8221;1&#8243;][et_pb_row _builder_version=&#8221;3.29.3&#8243; _i=&#8221;0&#8243; _address=&#8221;1.0&#8243;][et_pb_column type=&#8221;4_4&#8243; _builder_version=&#8221;3.29.3&#8243; _i=&#8221;0&#8243; _address=&#8221;1.0.0&#8243;][\/et_pb_column][\/et_pb_row][\/et_pb_section][et_pb_section fb_built=&#8221;1&#8243; _builder_version=&#8221;3.29.3&#8243; fb_built=&#8221;1&#8243; _i=&#8221;2&#8243; _address=&#8221;2&#8243;][et_pb_row _builder_version=&#8221;3.29.3&#8243; _i=&#8221;0&#8243; _address=&#8221;2.0&#8243;][et_pb_column type=&#8221;4_4&#8243; _builder_version=&#8221;3.29.3&#8243; _i=&#8221;0&#8243; _address=&#8221;2.0.0&#8243;][et_pb_text _builder_version=&#8221;3.29.3&#8243; text_font=&#8221;|||on|||||&#8221; text_font_size=&#8221;32px&#8221; header_font=&#8221;|||on|||||&#8221; _i=&#8221;0&#8243; _address=&#8221;2.0.0.0&#8243;]<\/p>\n<p style=\"text-align: center;\">Contact Center<\/p>\n<p>[\/et_pb_text][\/et_pb_column][\/et_pb_row][et_pb_row column_structure=&#8221;1_3,1_3,1_3&#8243; _builder_version=&#8221;3.29.3&#8243; max_width=&#8221;1260px&#8221; _i=&#8221;1&#8243; _address=&#8221;2.1&#8243;][et_pb_column type=&#8221;1_3&#8243; _builder_version=&#8221;3.29.3&#8243; _i=&#8221;0&#8243; _address=&#8221;2.1.0&#8243;][et_pb_blurb title=&#8221;Help Desk&#8221; image=&#8221;https:\/\/www2.intelimedia.cl\/wp-content\/uploads\/2020\/04\/group-of-people-looking-at-the-laptop-3931511-300&#215;200.jpg&#8221; _builder_version=&#8221;3.29.3&#8243; _i=&#8221;0&#8243; _address=&#8221;2.1.0.0&#8243;]<\/p>\n<div class=\"zw-line-div\">\n<div class=\"zw-line-content\"><span style=\"font-size: 14px;\">Mesa de ayuda a clientes que requieren informaci\u00f3n y\/o gesti\u00f3n de requerimientos. Permite contar con m\u00e9tricas instant\u00e1neas para brindar una atenci\u00f3n oportuna a clientes y administrar las oportunidades de negocios.\u00a0<\/span><\/div>\n<\/div>\n<p>[\/et_pb_blurb][\/et_pb_column][et_pb_column type=&#8221;1_3&#8243; _builder_version=&#8221;3.29.3&#8243; _i=&#8221;1&#8243; _address=&#8221;2.1.1&#8243;][et_pb_blurb title=&#8221;Campa\u00f1as Outbound&#8221; image=&#8221;https:\/\/www2.intelimedia.cl\/wp-content\/uploads\/2020\/04\/photo-of-woman-using-her-laptop-935756-300&#215;200.jpg&#8221; _builder_version=&#8221;3.29.3&#8243; custom_padding=&#8221;||0px|||&#8221; _i=&#8221;0&#8243; _address=&#8221;2.1.1.0&#8243;]<\/p>\n<div class=\"zw-line-div\"><\/div>\n<div class=\"zw-line-div\">\n<div class=\"zw-line-content\"><span class=\"zw-portion\" data-text-len=\"1\"><\/span><span class=\"EOP EOP-readonly\">Plataforma de contacto con clientes vigentes y potenciales, tanto para la gesti\u00f3n de venta como recaudaci\u00f3n. Administraci\u00f3n de canales m\u00faltiples de contacto (Whatsapp, Telefon\u00eda, Mailing, Mensajeria Push, Sms y otros).\u00a0<\/span><\/div>\n<\/div>\n<p>[\/et_pb_blurb][\/et_pb_column][et_pb_column type=&#8221;1_3&#8243; _builder_version=&#8221;3.29.3&#8243; _i=&#8221;2&#8243; _address=&#8221;2.1.2&#8243;][et_pb_blurb title=&#8221;Atenci\u00f3n Inbound&#8221; image=&#8221;https:\/\/www2.intelimedia.cl\/wp-content\/uploads\/2020\/04\/woman-in-gray-sweater-typing-on-laptop-3759059-e1587394852923-300&#215;191.jpg&#8221; _builder_version=&#8221;3.29.3&#8243; _i=&#8221;0&#8243; _address=&#8221;2.1.2.0&#8243;]<\/p>\n<p>Plataformas de recepci\u00f3n de contactos que surgen de una campa\u00f1a o acci\u00f3n promocional. Permite implementar canales de venta asistida, agendamiento o derivaci\u00f3n comercial y otras acciones que generan demanda de atenci\u00f3n.<\/p>\n<p>[\/et_pb_blurb][\/et_pb_column][\/et_pb_row][\/et_pb_section][et_pb_section fb_built=&#8221;1&#8243; prev_background_color=&#8221;#ffffff&#8221; _builder_version=&#8221;3.29.3&#8243; use_background_color_gradient=&#8221;on&#8221; background_color_gradient_start=&#8221;#5e95c1&#8243; background_color_gradient_end=&#8221;#0c71c3&#8243; background_color_gradient_direction=&#8221;172deg&#8221; top_divider_style=&#8221;ramp2&#8243; top_divider_height=&#8221;117px&#8221; top_divider_flip=&#8221;vertical&#8221; fb_built=&#8221;1&#8243; _i=&#8221;3&#8243; _address=&#8221;3&#8243;][et_pb_row _builder_version=&#8221;3.29.3&#8243; _i=&#8221;0&#8243; _address=&#8221;0&#8243;][et_pb_column type=&#8221;4_4&#8243; _builder_version=&#8221;3.29.3&#8243; _i=&#8221;0&#8243; _address=&#8221;0.0&#8243;][et_pb_text _builder_version=&#8221;3.29.3&#8243; text_text_color=&#8221;#ffffff&#8221; text_font_size=&#8221;27px&#8221; text_orientation=&#8221;center&#8221; _i=&#8221;0&#8243; _address=&#8221;0.0.0&#8243;]<\/p>\n<p>Tomemos contacto y conversemos<\/p>\n<div id=\"gtx-trans\" style=\"position: absolute; left: -38px; top: -1px;\">\n<div class=\"gtx-trans-icon\"><\/div>\n<\/div>\n<p>[\/et_pb_text][et_pb_text _builder_version=&#8221;3.29.3&#8243; text_text_color=&#8221;#ffffff&#8221; text_font_size=&#8221;17px&#8221; text_orientation=&#8221;center&#8221; _i=&#8221;1&#8243; _address=&#8221;0.0.1&#8243;]<\/p>\n<p>Dejanos tus datos y podemos ayudarte a cumplir tus objetivos.<\/p>\n<div id=\"gtx-trans\" style=\"position: absolute; left: -38px; top: -1px;\">\n<div class=\"gtx-trans-icon\"><\/div>\n<\/div>\n<p>[\/et_pb_text][et_pb_code _builder_version=&#8221;3.29.3&#8243; width=&#8221;50%&#8221; module_alignment=&#8221;center&#8221; _i=&#8221;2&#8243; _address=&#8221;0.0.2&#8243;]<script charset=\"utf-8\" type=\"text\/javascript\" src=\"\/\/js.hsforms.net\/forms\/shell.js\"><\/script><!-- [et_pb_line_break_holder] --><script><!-- [et_pb_line_break_holder] -->  hbspt.forms.create({<!-- [et_pb_line_break_holder] -->\tportalId: \"8034851\",<!-- [et_pb_line_break_holder] -->\tformId: \"0244006b-e830-452c-919f-3465ef35dae5\"<!-- [et_pb_line_break_holder] -->});<!-- [et_pb_line_break_holder] --><\/script>[\/et_pb_code][\/et_pb_column][\/et_pb_row][\/et_pb_section]<\/p>\n","protected":false},"excerpt":{"rendered":"<p>[et_pb_section fb_built=&#8221;1&#8243; fullwidth=&#8221;on&#8221; _builder_version=&#8221;3.29.3&#8243; fb_built=&#8221;1&#8243; _i=&#8221;0&#8243; _address=&#8221;0&#8243;][et_pb_fullwidth_image _builder_version=&#8221;3.29.3&#8243; _i=&#8221;0&#8243; _address=&#8221;0.0&#8243;][\/et_pb_fullwidth_image][\/et_pb_section][et_pb_section fb_built=&#8221;1&#8243; _builder_version=&#8221;3.29.3&#8243; background_image=&#8221;https:\/\/www2.intelimedia.cl\/wp-content\/uploads\/2020\/04\/621477-PNUCBO-999-1024&#215;683.jpg&#8221; height=&#8221;447px&#8221; fb_built=&#8221;1&#8243; _i=&#8221;1&#8243; _address=&#8221;1&#8243;][et_pb_row _builder_version=&#8221;3.29.3&#8243; _i=&#8221;0&#8243; _address=&#8221;1.0&#8243;][et_pb_column type=&#8221;4_4&#8243; _builder_version=&#8221;3.29.3&#8243; _i=&#8221;0&#8243; _address=&#8221;1.0.0&#8243;][\/et_pb_column][\/et_pb_row][\/et_pb_section][et_pb_section fb_built=&#8221;1&#8243; _builder_version=&#8221;3.29.3&#8243; fb_built=&#8221;1&#8243; _i=&#8221;2&#8243; _address=&#8221;2&#8243;][et_pb_row _builder_version=&#8221;3.29.3&#8243; _i=&#8221;0&#8243; _address=&#8221;2.0&#8243;][et_pb_column type=&#8221;4_4&#8243; _builder_version=&#8221;3.29.3&#8243; _i=&#8221;0&#8243; _address=&#8221;2.0.0&#8243;][et_pb_text _builder_version=&#8221;3.29.3&#8243; text_font=&#8221;|||on|||||&#8221; text_font_size=&#8221;32px&#8221; header_font=&#8221;|||on|||||&#8221; _i=&#8221;0&#8243; _address=&#8221;2.0.0.0&#8243;] Contact Center [\/et_pb_text][\/et_pb_column][\/et_pb_row][et_pb_row column_structure=&#8221;1_3,1_3,1_3&#8243; _builder_version=&#8221;3.29.3&#8243; max_width=&#8221;1260px&#8221; _i=&#8221;1&#8243; _address=&#8221;2.1&#8243;][et_pb_column type=&#8221;1_3&#8243; _builder_version=&#8221;3.29.3&#8243; _i=&#8221;0&#8243; _address=&#8221;2.1.0&#8243;][et_pb_blurb title=&#8221;Help [&hellip;]<\/p>\n","protected":false},"author":1,"featured_media":0,"parent":0,"menu_order":0,"comment_status":"closed","ping_status":"closed","template":"","meta":{"_et_pb_use_builder":"on","_et_pb_old_content":"","footnotes":""},"class_list":["post-162","page","type-page","status-publish","hentry"],"_links":{"self":[{"href":"https:\/\/www.intelimedia.cl\/index.php\/wp-json\/wp\/v2\/pages\/162"}],"collection":[{"href":"https:\/\/www.intelimedia.cl\/index.php\/wp-json\/wp\/v2\/pages"}],"about":[{"href":"https:\/\/www.intelimedia.cl\/index.php\/wp-json\/wp\/v2\/types\/page"}],"author":[{"embeddable":true,"href":"https:\/\/www.intelimedia.cl\/index.php\/wp-json\/wp\/v2\/users\/1"}],"replies":[{"embeddable":true,"href":"https:\/\/www.intelimedia.cl\/index.php\/wp-json\/wp\/v2\/comments?post=162"}],"version-history":[{"count":11,"href":"https:\/\/www.intelimedia.cl\/index.php\/wp-json\/wp\/v2\/pages\/162\/revisions"}],"predecessor-version":[{"id":418,"href":"https:\/\/www.intelimedia.cl\/index.php\/wp-json\/wp\/v2\/pages\/162\/revisions\/418"}],"wp:attachment":[{"href":"https:\/\/www.intelimedia.cl\/index.php\/wp-json\/wp\/v2\/media?parent=162"}],"curies":[{"name":"wp","href":"https:\/\/api.w.org\/{rel}","templated":true}]}}