{"id":230,"date":"2020-07-02T16:21:31","date_gmt":"2020-07-02T19:21:31","guid":{"rendered":"https:\/\/www2.intelimedia.cl\/?page_id=230"},"modified":"2020-07-17T16:28:22","modified_gmt":"2020-07-17T19:28:22","slug":"productora","status":"publish","type":"page","link":"https:\/\/www.intelimedia.cl\/index.php\/productora\/","title":{"rendered":"Content Creation"},"content":{"rendered":"<p>[et_pb_section fb_built=&#8221;1&#8243; fullwidth=&#8221;on&#8221; _builder_version=&#8221;3.29.3&#8243; fb_built=&#8221;1&#8243; _i=&#8221;0&#8243; _address=&#8221;0&#8243;][et_pb_fullwidth_image _builder_version=&#8221;3.29.3&#8243; _i=&#8221;0&#8243; _address=&#8221;0.0&#8243;][\/et_pb_fullwidth_image][\/et_pb_section][et_pb_section fb_built=&#8221;1&#8243; _builder_version=&#8221;3.29.3&#8243; background_image=&#8221;https:\/\/www2.intelimedia.cl\/wp-content\/uploads\/2020\/07\/lentes2.jpg&#8221; height=&#8221;447px&#8221; fb_built=&#8221;1&#8243; _i=&#8221;1&#8243; _address=&#8221;1&#8243;][et_pb_row _builder_version=&#8221;3.29.3&#8243; _i=&#8221;0&#8243; _address=&#8221;1.0&#8243;][et_pb_column type=&#8221;4_4&#8243; _builder_version=&#8221;3.29.3&#8243; _i=&#8221;0&#8243; _address=&#8221;1.0.0&#8243;][\/et_pb_column][\/et_pb_row][\/et_pb_section][et_pb_section fb_built=&#8221;1&#8243; _builder_version=&#8221;3.29.3&#8243; fb_built=&#8221;1&#8243; _i=&#8221;2&#8243; _address=&#8221;2&#8243;][et_pb_row _builder_version=&#8221;3.29.3&#8243; _i=&#8221;0&#8243; _address=&#8221;2.0&#8243;][et_pb_column type=&#8221;4_4&#8243; _builder_version=&#8221;3.29.3&#8243; _i=&#8221;0&#8243; _address=&#8221;2.0.0&#8243;][et_pb_text _builder_version=&#8221;3.29.3&#8243; text_font=&#8221;|||on|||||&#8221; text_font_size=&#8221;32px&#8221; header_font=&#8221;|||on|||||&#8221; _i=&#8221;0&#8243; _address=&#8221;2.0.0.0&#8243;]<\/p>\n<p style=\"text-align: center;\">Productora<\/p>\n<div id=\"gtx-trans\" style=\"position: absolute; left: -130px; top: -1px;\">\n<div class=\"gtx-trans-icon\"><\/div>\n<\/div>\n<p>[\/et_pb_text][\/et_pb_column][\/et_pb_row][et_pb_row column_structure=&#8221;1_4,1_4,1_4,1_4&#8243; _builder_version=&#8221;3.29.3&#8243; width=&#8221;90%&#8221; max_width=&#8221;1720px&#8221; _i=&#8221;1&#8243; _address=&#8221;2.1&#8243;][et_pb_column type=&#8221;1_4&#8243; _builder_version=&#8221;3.29.3&#8243; _i=&#8221;0&#8243; _address=&#8221;2.1.0&#8243;][et_pb_blurb title=&#8221;\u00bfQue hacemos?&#8221; image=&#8221;https:\/\/www2.intelimedia.cl\/wp-content\/uploads\/2020\/07\/seth-doyle-3rcT6_NjjbU-unsplash-300&#215;200.jpg&#8221; _builder_version=&#8221;3.29.3&#8243; _i=&#8221;0&#8243; _address=&#8221;2.1.0.0&#8243;]<\/p>\n<p><span style=\"font-weight: 400;\">En el tiempo actual no solo basta con mostrar los productos, hay que venderlos a trav\u00e9s de historias basadas en videos. Es por eso que la productora de Intelimedia es una creadora de contenido audiovisual para empresas que quieran mostrar servicios, productos o propuestas a su p\u00fablico objetivo. Para que los enamoren con sus historias y les den a entender de porque son necesarios para ellos.<\/span><\/p>\n<p><span style=\"font-weight: 400;\">Ponemos a tu disposici\u00f3n toda nuestra experiencia y capacidad creativa para que ese video, fotograf\u00eda o narraci\u00f3n transmita de la manera m\u00e1s eficiente tu mensaje.<\/span><\/p>\n<p>[\/et_pb_blurb][\/et_pb_column][et_pb_column type=&#8221;1_4&#8243; _builder_version=&#8221;3.29.3&#8243; _i=&#8221;1&#8243; _address=&#8221;2.1.1&#8243;][et_pb_blurb title=&#8221;\u00bfComo lo hacemos?&#8221; image=&#8221;https:\/\/www2.intelimedia.cl\/wp-content\/uploads\/2020\/07\/11-300&#215;200.jpg&#8221; _builder_version=&#8221;3.29.3&#8243; _i=&#8221;0&#8243; _address=&#8221;2.1.1.0&#8243;]<\/p>\n<p><span style=\"font-weight: 400;\">Para crear los videos tenemos profesionales altamente calificados y\u00a0 usamos tecnolog\u00eda que nos permite: Grabar videos, Grabar Audio, Tomar fotograf\u00eda, Hacer Video y Fotograf\u00eda A\u00e9rea, Edici\u00f3n del material con programas profesionales, crear voz en off o narraciones para as\u00ed llegar a un resultado final. Todo disponible para ti y tu historia.<\/span><\/p>\n<p><span style=\"font-weight: 400;\">Esta tecnolog\u00eda consta de:\u00a0<\/span><\/p>\n<ul>\n<li style=\"font-weight: 400;\"><span style=\"font-weight: 400;\">C\u00e1maras Full HD y 4k<\/span><\/li>\n<li style=\"font-weight: 400;\"><span style=\"font-weight: 400;\">Drones<\/span><\/li>\n<li style=\"font-weight: 400;\"><span style=\"font-weight: 400;\">C\u00e1maras con estabilizaci\u00f3n de imagen<\/span><\/li>\n<li style=\"font-weight: 400;\"><span style=\"font-weight: 400;\">Grabadoras de Audio de \u00faltima generaci\u00f3n<\/span><\/li>\n<li style=\"font-weight: 400;\"><span style=\"font-weight: 400;\">Software Adobe para la edici\u00f3n.\u00a0<\/span><\/li>\n<li style=\"font-weight: 400;\"><span style=\"font-weight: 400;\">Locuci\u00f3n profesional<\/span><\/li>\n<\/ul>\n<p>[\/et_pb_blurb][\/et_pb_column][et_pb_column type=&#8221;1_4&#8243; _builder_version=&#8221;3.29.3&#8243; _i=&#8221;2&#8243; _address=&#8221;2.1.2&#8243;][et_pb_blurb title=&#8221;\u00bfNecesitas hacerlo en Vivo?&#8221; image=&#8221;https:\/\/www2.intelimedia.cl\/wp-content\/uploads\/2020\/07\/12-300&#215;200.jpg&#8221; _builder_version=&#8221;3.29.3&#8243; _i=&#8221;0&#8243; _address=&#8221;2.1.2.0&#8243;]<\/p>\n<p><span style=\"font-weight: 400;\">Junto con todo este equipamiento somos capaces de transmitir en Vivo por:<\/span><\/p>\n<ul>\n<li><span style=\"font-weight: 400;\">Instagram<\/span><\/li>\n<li><span style=\"font-weight: 400;\">Facebook<\/span><\/li>\n<li><span style=\"font-weight: 400;\">Youtube<\/span><\/li>\n<li><span style=\"font-weight: 400;\">Webinars con imagen y sonido profesional. <\/span><\/li>\n<\/ul>\n<p><span style=\"font-weight: 400;\">As\u00ed llegamos al p\u00fablico al instante, un ejemplo importante de esto es el caso de Autos Ruedas el cual tenemos Live peri\u00f3dicos por Instagram.<\/span><\/p>\n<p>[\/et_pb_blurb][\/et_pb_column][et_pb_column type=&#8221;1_4&#8243; _builder_version=&#8221;3.29.3&#8243; _i=&#8221;3&#8243; _address=&#8221;2.1.3&#8243;][et_pb_blurb title=&#8221;\u00bfNuestra experiencia?&#8221; image=&#8221;https:\/\/www2.intelimedia.cl\/wp-content\/uploads\/2020\/07\/14-300&#215;200.jpg&#8221; _builder_version=&#8221;3.29.3&#8243; _i=&#8221;0&#8243; _address=&#8221;2.1.3.0&#8243;]<\/p>\n<p><span style=\"font-weight: 400;\">Tenemos m\u00e1s de 10 a\u00f1os de experiencia en la industria automotriz, a nivel de marca, concesionarios y servicios automotrices. <\/span><\/p>\n<p><span style=\"font-weight: 400;\">Conocemos los procesos y aquello que es relevante de resaltar para generar impacto en los clientes vigentes y potenciales.<\/span><\/p>\n<p>Y sobre todo, somos apasionados por los autos y locos consumidores de conocimiento relacionado a estos.<span style=\"font-weight: 400;\"><\/span><\/p>\n<p><span style=\"font-weight: 400;\"><\/span><\/p>\n<p>[\/et_pb_blurb][\/et_pb_column][\/et_pb_row][et_pb_row column_structure=&#8221;1_3,1_3,1_3&#8243; use_custom_gutter=&#8221;on&#8221; gutter_width=&#8221;2&#8243; _builder_version=&#8221;3.29.3&#8243; width=&#8221;95%&#8221; max_width=&#8221;1920px&#8221; _i=&#8221;2&#8243; _address=&#8221;2.2&#8243;][et_pb_column type=&#8221;1_3&#8243; _builder_version=&#8221;3.29.3&#8243; _i=&#8221;0&#8243; _address=&#8221;2.2.0&#8243;][et_pb_video src=&#8221;https:\/\/youtu.be\/xijtNsU7mmc&#8221; _builder_version=&#8221;3.29.3&#8243; _i=&#8221;0&#8243; _address=&#8221;2.2.0.0&#8243;][\/et_pb_video][\/et_pb_column][et_pb_column type=&#8221;1_3&#8243; _builder_version=&#8221;3.29.3&#8243; _i=&#8221;1&#8243; _address=&#8221;2.2.1&#8243;][et_pb_video src=&#8221;https:\/\/youtu.be\/dBVCgbCc8FU&#8221; _builder_version=&#8221;3.29.3&#8243; _i=&#8221;0&#8243; _address=&#8221;2.2.1.0&#8243;][\/et_pb_video][\/et_pb_column][et_pb_column type=&#8221;1_3&#8243; _builder_version=&#8221;3.29.3&#8243; _i=&#8221;2&#8243; _address=&#8221;2.2.2&#8243;][et_pb_video src=&#8221;https:\/\/youtu.be\/EwV82vgjbxk&#8221; _builder_version=&#8221;3.29.3&#8243; _i=&#8221;0&#8243; _address=&#8221;2.2.2.0&#8243;][\/et_pb_video][\/et_pb_column][\/et_pb_row][et_pb_row column_structure=&#8221;1_3,1_3,1_3&#8243; use_custom_gutter=&#8221;on&#8221; gutter_width=&#8221;2&#8243; _builder_version=&#8221;3.29.3&#8243; width=&#8221;95%&#8221; max_width=&#8221;1920px&#8221; custom_margin=&#8221;-3px|auto||auto||&#8221; custom_padding=&#8221;24px|||||&#8221; _i=&#8221;3&#8243; _address=&#8221;2.3&#8243;][et_pb_column type=&#8221;1_3&#8243; _builder_version=&#8221;3.29.3&#8243; _i=&#8221;0&#8243; _address=&#8221;2.3.0&#8243;][et_pb_video src=&#8221;https:\/\/youtu.be\/IiQgyjQPyx4&#8243; _builder_version=&#8221;3.29.3&#8243; _i=&#8221;0&#8243; _address=&#8221;2.3.0.0&#8243;][\/et_pb_video][\/et_pb_column][et_pb_column type=&#8221;1_3&#8243; _builder_version=&#8221;3.29.3&#8243; _i=&#8221;1&#8243; _address=&#8221;2.3.1&#8243;][et_pb_video src=&#8221;https:\/\/youtu.be\/fqDPi50gUpg&#8221; _builder_version=&#8221;3.29.3&#8243; _i=&#8221;0&#8243; _address=&#8221;2.3.1.0&#8243;][\/et_pb_video][\/et_pb_column][et_pb_column type=&#8221;1_3&#8243; _builder_version=&#8221;3.29.3&#8243; _i=&#8221;2&#8243; _address=&#8221;2.3.2&#8243;][et_pb_video src=&#8221;https:\/\/youtu.be\/GFytZeSTFlU&#8221; _builder_version=&#8221;3.29.3&#8243; _i=&#8221;0&#8243; _address=&#8221;2.3.2.0&#8243;][\/et_pb_video][\/et_pb_column][\/et_pb_row][\/et_pb_section][et_pb_section fb_built=&#8221;1&#8243; prev_background_color=&#8221;#ffffff&#8221; _builder_version=&#8221;3.29.3&#8243; use_background_color_gradient=&#8221;on&#8221; background_color_gradient_start=&#8221;#5e95c1&#8243; background_color_gradient_end=&#8221;#0c71c3&#8243; background_color_gradient_direction=&#8221;172deg&#8221; top_divider_style=&#8221;ramp2&#8243; top_divider_height=&#8221;117px&#8221; top_divider_flip=&#8221;vertical&#8221; fb_built=&#8221;1&#8243; _i=&#8221;3&#8243; _address=&#8221;3&#8243;][et_pb_row _builder_version=&#8221;3.29.3&#8243; _i=&#8221;0&#8243; _address=&#8221;0&#8243;][et_pb_column type=&#8221;4_4&#8243; _builder_version=&#8221;3.29.3&#8243; _i=&#8221;0&#8243; _address=&#8221;0.0&#8243;][et_pb_text _builder_version=&#8221;3.29.3&#8243; text_text_color=&#8221;#ffffff&#8221; text_font_size=&#8221;27px&#8221; text_orientation=&#8221;center&#8221; _i=&#8221;0&#8243; _address=&#8221;0.0.0&#8243;]<\/p>\n<p>Tomemos contacto y conversemos<\/p>\n<div id=\"gtx-trans\" style=\"position: absolute; left: -38px; top: -1px;\">\n<div class=\"gtx-trans-icon\"><\/div>\n<\/div>\n<p>[\/et_pb_text][et_pb_text _builder_version=&#8221;3.29.3&#8243; text_text_color=&#8221;#ffffff&#8221; text_font_size=&#8221;17px&#8221; text_orientation=&#8221;center&#8221; _i=&#8221;1&#8243; _address=&#8221;0.0.1&#8243;]<\/p>\n<p>Dejanos tus datos y podemos ayudarte a cumplir tus objetivos.<\/p>\n<div id=\"gtx-trans\" style=\"position: absolute; left: -38px; top: -1px;\">\n<div class=\"gtx-trans-icon\"><\/div>\n<\/div>\n<p>[\/et_pb_text][et_pb_code _builder_version=&#8221;3.29.3&#8243; width=&#8221;50%&#8221; module_alignment=&#8221;center&#8221; _i=&#8221;2&#8243; _address=&#8221;0.0.2&#8243;]<script charset=\"utf-8\" type=\"text\/javascript\" src=\"\/\/js.hsforms.net\/forms\/shell.js\"><\/script><!-- [et_pb_line_break_holder] --><script><!-- [et_pb_line_break_holder] -->  hbspt.forms.create({<!-- [et_pb_line_break_holder] -->\tportalId: \"8034851\",<!-- [et_pb_line_break_holder] -->\tformId: \"0244006b-e830-452c-919f-3465ef35dae5\"<!-- [et_pb_line_break_holder] -->});<!-- [et_pb_line_break_holder] --><\/script>[\/et_pb_code][\/et_pb_column][\/et_pb_row][\/et_pb_section]<\/p>\n","protected":false},"excerpt":{"rendered":"<p>[et_pb_section fb_built=&#8221;1&#8243; fullwidth=&#8221;on&#8221; _builder_version=&#8221;3.29.3&#8243; fb_built=&#8221;1&#8243; _i=&#8221;0&#8243; _address=&#8221;0&#8243;][et_pb_fullwidth_image _builder_version=&#8221;3.29.3&#8243; _i=&#8221;0&#8243; _address=&#8221;0.0&#8243;][\/et_pb_fullwidth_image][\/et_pb_section][et_pb_section fb_built=&#8221;1&#8243; _builder_version=&#8221;3.29.3&#8243; background_image=&#8221;https:\/\/www2.intelimedia.cl\/wp-content\/uploads\/2020\/07\/lentes2.jpg&#8221; height=&#8221;447px&#8221; fb_built=&#8221;1&#8243; _i=&#8221;1&#8243; _address=&#8221;1&#8243;][et_pb_row _builder_version=&#8221;3.29.3&#8243; _i=&#8221;0&#8243; _address=&#8221;1.0&#8243;][et_pb_column type=&#8221;4_4&#8243; _builder_version=&#8221;3.29.3&#8243; _i=&#8221;0&#8243; _address=&#8221;1.0.0&#8243;][\/et_pb_column][\/et_pb_row][\/et_pb_section][et_pb_section fb_built=&#8221;1&#8243; _builder_version=&#8221;3.29.3&#8243; fb_built=&#8221;1&#8243; _i=&#8221;2&#8243; _address=&#8221;2&#8243;][et_pb_row _builder_version=&#8221;3.29.3&#8243; _i=&#8221;0&#8243; _address=&#8221;2.0&#8243;][et_pb_column type=&#8221;4_4&#8243; _builder_version=&#8221;3.29.3&#8243; _i=&#8221;0&#8243; _address=&#8221;2.0.0&#8243;][et_pb_text _builder_version=&#8221;3.29.3&#8243; text_font=&#8221;|||on|||||&#8221; text_font_size=&#8221;32px&#8221; header_font=&#8221;|||on|||||&#8221; _i=&#8221;0&#8243; _address=&#8221;2.0.0.0&#8243;] Productora [\/et_pb_text][\/et_pb_column][\/et_pb_row][et_pb_row column_structure=&#8221;1_4,1_4,1_4,1_4&#8243; _builder_version=&#8221;3.29.3&#8243; width=&#8221;90%&#8221; max_width=&#8221;1720px&#8221; _i=&#8221;1&#8243; _address=&#8221;2.1&#8243;][et_pb_column type=&#8221;1_4&#8243; _builder_version=&#8221;3.29.3&#8243; _i=&#8221;0&#8243; _address=&#8221;2.1.0&#8243;][et_pb_blurb title=&#8221;\u00bfQue [&hellip;]<\/p>\n","protected":false},"author":1,"featured_media":0,"parent":0,"menu_order":0,"comment_status":"closed","ping_status":"closed","template":"","meta":{"_et_pb_use_builder":"on","_et_pb_old_content":"","footnotes":""},"class_list":["post-230","page","type-page","status-publish","hentry"],"_links":{"self":[{"href":"https:\/\/www.intelimedia.cl\/index.php\/wp-json\/wp\/v2\/pages\/230"}],"collection":[{"href":"https:\/\/www.intelimedia.cl\/index.php\/wp-json\/wp\/v2\/pages"}],"about":[{"href":"https:\/\/www.intelimedia.cl\/index.php\/wp-json\/wp\/v2\/types\/page"}],"author":[{"embeddable":true,"href":"https:\/\/www.intelimedia.cl\/index.php\/wp-json\/wp\/v2\/users\/1"}],"replies":[{"embeddable":true,"href":"https:\/\/www.intelimedia.cl\/index.php\/wp-json\/wp\/v2\/comments?post=230"}],"version-history":[{"count":8,"href":"https:\/\/www.intelimedia.cl\/index.php\/wp-json\/wp\/v2\/pages\/230\/revisions"}],"predecessor-version":[{"id":421,"href":"https:\/\/www.intelimedia.cl\/index.php\/wp-json\/wp\/v2\/pages\/230\/revisions\/421"}],"wp:attachment":[{"href":"https:\/\/www.intelimedia.cl\/index.php\/wp-json\/wp\/v2\/media?parent=230"}],"curies":[{"name":"wp","href":"https:\/\/api.w.org\/{rel}","templated":true}]}}