{"id":95,"date":"2020-04-01T18:10:52","date_gmt":"2020-04-01T21:10:52","guid":{"rendered":"https:\/\/www2.intelimedia.cl\/?page_id=95"},"modified":"2020-07-17T17:24:32","modified_gmt":"2020-07-17T20:24:32","slug":"nosotros","status":"publish","type":"page","link":"https:\/\/www.intelimedia.cl\/index.php\/nosotros\/","title":{"rendered":"Nosotros"},"content":{"rendered":"<p>[et_pb_section fb_built=&#8221;1&#8243; next_background_color=&#8221;#ffffff&#8221; module_id=&#8221;contacto&#8221; _builder_version=&#8221;3.29.3&#8243; background_enable_color=&#8221;off&#8221; background_image=&#8221;https:\/\/www2.intelimedia.cl\/wp-content\/uploads\/2020\/03\/fondo-compressor-1.jpg&#8221; bottom_divider_style=&#8221;ramp2&#8243; bottom_divider_height=&#8221;145px&#8221; bottom_divider_flip=&#8221;horizontal&#8221; fb_built=&#8221;1&#8243; _i=&#8221;0&#8243; _address=&#8221;0&#8243;][et_pb_row _builder_version=&#8221;3.29.3&#8243; _i=&#8221;0&#8243; _address=&#8221;0.0&#8243;][et_pb_column type=&#8221;4_4&#8243; _builder_version=&#8221;3.29.3&#8243; _i=&#8221;0&#8243; _address=&#8221;0.0.0&#8243;][et_pb_image src=&#8221;https:\/\/www2.intelimedia.cl\/wp-content\/uploads\/2020\/03\/logo-letras-negro.png&#8221; _builder_version=&#8221;3.29.3&#8243; _i=&#8221;0&#8243; _address=&#8221;0.0.0.0&#8243;][\/et_pb_image][et_pb_blurb title=&#8221;M\u00e1s que una agencia, tu departamento de Marketing&#8221; _builder_version=&#8221;3.29.3&#8243; header_font_size=&#8221;21px&#8221; body_font_size=&#8221;18px&#8221; text_orientation=&#8221;center&#8221; _i=&#8221;1&#8243; _address=&#8221;0.0.0.1&#8243;]<\/p>\n<p>Somo especialistas en administraci\u00f3n y construcci\u00f3n de carteras de clientes.<\/p>\n<p>[\/et_pb_blurb][\/et_pb_column][\/et_pb_row][\/et_pb_section][et_pb_section fb_built=&#8221;1&#8243; _builder_version=&#8221;3.29.3&#8243; fb_built=&#8221;1&#8243; _i=&#8221;1&#8243; _address=&#8221;1&#8243;][et_pb_row _builder_version=&#8221;3.29.3&#8243; _i=&#8221;0&#8243; _address=&#8221;1.0&#8243;][et_pb_column type=&#8221;4_4&#8243; _builder_version=&#8221;3.29.3&#8243; _i=&#8221;0&#8243; _address=&#8221;1.0.0&#8243;][et_pb_text _builder_version=&#8221;3.29.3&#8243; text_font_size=&#8221;40px&#8221; custom_padding=&#8221;||1px|||&#8221; _i=&#8221;0&#8243; _address=&#8221;1.0.0.0&#8243;]<\/p>\n<p style=\"text-align: center;\">\u00bfQuienes somos?<\/p>\n<p>[\/et_pb_text][\/et_pb_column][\/et_pb_row][et_pb_row _builder_version=&#8221;3.29.3&#8243; width_phone=&#8221;100%&#8221; width_last_edited=&#8221;on|phone&#8221; _i=&#8221;1&#8243; _address=&#8221;1.1&#8243;][et_pb_column type=&#8221;4_4&#8243; _builder_version=&#8221;3.29.3&#8243; _i=&#8221;0&#8243; _address=&#8221;1.1.0&#8243;][et_pb_text _builder_version=&#8221;3.29.3&#8243; width=&#8221;69%&#8221; module_alignment=&#8221;center&#8221; _i=&#8221;0&#8243; _address=&#8221;1.1.0.0&#8243;]<\/p>\n<p align=\"justify\">Somos una empresa con trayectoria comprobada en la gesti\u00f3n de clientes vigentes y potenciales de una empresa. Nos orientamos a la construcci\u00f3n de la cartera de clientes; identificar comportamientos que permitan anticipar conductas transaccionales; y ejecutar acciones comerciales con un fuerte componente de tecnolog\u00eda.<\/p>\n<p align=\"justify\">Con 12 a\u00f1os de trayectoria, Intelimedia es una compa\u00f1\u00eda especializada en rentabilizar la gesti\u00f3n de clientes, utilizando herramientas imprescindibles en las 4 \u00e1reas que son el pilar de la propuesta de valor.\u00a0<\/p>\n<p align=\"justify\">En s\u00edntesis, los clientes de Intelimedia aprovechan economi\u00e1s de escalas y eficiencias dadas por la integraci\u00f3n de 4 \u00e1reas estrat\u00e9gicas: Business Intelligence &#8211; Contact Center &#8211; Software Solutions &#8211; Digital Marketing.<\/p>\n<p align=\"justify\">\n<p align=\"justify\">\u00bfQue mas puede requerir una compa\u00f1ia que desea aumentar sus ventas?<\/p>\n<p align=\"justify\">\n<p>[\/et_pb_text][\/et_pb_column][\/et_pb_row][\/et_pb_section][et_pb_section fb_built=&#8221;1&#8243; _builder_version=&#8221;3.29.3&#8243; background_color=&#8221;#f2f2f2&#8243; fb_built=&#8221;1&#8243; _i=&#8221;2&#8243; _address=&#8221;2&#8243;][et_pb_row _builder_version=&#8221;3.29.3&#8243; module_alignment_phone=&#8221;center&#8221; module_alignment_last_edited=&#8221;on|phone&#8221; _i=&#8221;0&#8243; _address=&#8221;2.0&#8243;][et_pb_column type=&#8221;4_4&#8243; _builder_version=&#8221;3.29.3&#8243; _i=&#8221;0&#8243; _address=&#8221;2.0.0&#8243;][et_pb_text _builder_version=&#8221;3.29.3&#8243; text_font=&#8221;|||on|||||&#8221; text_font_size=&#8221;40px&#8221; _i=&#8221;0&#8243; _address=&#8221;2.0.0.0&#8243;]<\/p>\n<p style=\"text-align: center;\">El equipo<\/p>\n<p>[\/et_pb_text][\/et_pb_column][\/et_pb_row][et_pb_row column_structure=&#8221;1_6,1_6,1_6,1_6,1_6,1_6&#8243; use_custom_gutter=&#8221;on&#8221; gutter_width=&#8221;2&#8243; _builder_version=&#8221;3.29.3&#8243; width=&#8221;90%&#8221; width_phone=&#8221;87%&#8221; width_last_edited=&#8221;on|tablet&#8221; max_width=&#8221;1920px&#8221; max_width_last_edited=&#8221;on|desktop&#8221; module_alignment=&#8221;center&#8221; min_height_last_edited=&#8221;on|phone&#8221; custom_margin=&#8221;|||1px|false|false&#8221; custom_margin_phone=&#8221;|0px|||false|false&#8221; custom_margin_last_edited=&#8221;on|phone&#8221; custom_padding=&#8221;||||false|false&#8221; module_alignment_phone=&#8221;center&#8221; module_alignment_last_edited=&#8221;on|phone&#8221; _i=&#8221;1&#8243; _address=&#8221;2.1&#8243;][et_pb_column type=&#8221;1_6&#8243; _builder_version=&#8221;3.29.3&#8243; _i=&#8221;0&#8243; _address=&#8221;2.1.0&#8243;][et_pb_team_member name=&#8221;Diego C\u00e1ceres&#8221; position=&#8221;Soluciones de Software y coordinador&#8221; image_url=&#8221;https:\/\/www2.intelimedia.cl\/wp-content\/uploads\/2020\/07\/Mesa-de-trabajo-5-8-300&#215;300.png&#8221; _builder_version=&#8221;3.29.3&#8243; body_line_height=&#8221;2em&#8221; position_letter_spacing=&#8221;2px&#8221; width_phone=&#8221;90%&#8221; width_last_edited=&#8221;on|phone&#8221; max_width_last_edited=&#8221;on|phone&#8221; _i=&#8221;0&#8243; _address=&#8221;2.1.0.0&#8243;]<\/p>\n<p><span>Soy el nexo humano entre los robots <img decoding=\"async\" src=\"https:\/\/www2.intelimedia.cl\/wp-content\/themes\/Divi\/includes\/builder\/frontend-builder\/assets\/vendors\/plugins\/emoticons\/img\/smiley-smile.gif\" alt=\"smile\" \/>.<\/span><span>\u00a0Mi trabajo es transformar las necesidades en soluciones tecnol\u00f3gicas sostenibles.<\/span><\/p>\n<p>[\/et_pb_team_member][\/et_pb_column][et_pb_column type=&#8221;1_6&#8243; _builder_version=&#8221;3.29.3&#8243; _i=&#8221;1&#8243; _address=&#8221;2.1.1&#8243;][et_pb_team_member name=&#8221;Fernando Ulloa&#8221; position=&#8221;Marketero Digital y Coordinador&#8221; image_url=&#8221;https:\/\/www2.intelimedia.cl\/wp-content\/uploads\/2020\/07\/Mesa-de-trabajo-4-8-300&#215;300.png&#8221; _builder_version=&#8221;3.29.3&#8243; body_line_height=&#8221;2em&#8221; position_letter_spacing=&#8221;2px&#8221; custom_margin=&#8221;0px||||false|false&#8221; _i=&#8221;0&#8243; _address=&#8221;2.1.1.0&#8243;]<\/p>\n<p><span>Me dedico al marketing digital y edici\u00f3n de contenidos. <\/span><span>Soy experto en el mundo automotriz con amplia experiencia en el rubro.<\/span><\/p>\n<p>[\/et_pb_team_member][\/et_pb_column][et_pb_column type=&#8221;1_6&#8243; _builder_version=&#8221;3.29.3&#8243; _i=&#8221;2&#8243; _address=&#8221;2.1.2&#8243;][et_pb_team_member name=&#8221;Carolina Rodriguez&#8221; position=&#8221;Inteligencia en Negocios y Coordinadora&#8221; image_url=&#8221;https:\/\/www2.intelimedia.cl\/wp-content\/uploads\/2020\/07\/Mesa-de-trabajo-7-8-300&#215;300.png&#8221; _builder_version=&#8221;3.29.3&#8243; body_line_height=&#8221;2em&#8221; position_letter_spacing=&#8221;2px&#8221; _i=&#8221;0&#8243; _address=&#8221;2.1.2.0&#8243;]<\/p>\n<div class=\"x_969002241gmail_default\">Evaluo las necesidades de nuestros clientes para as\u00ed dise\u00f1ar, planificar y coordinar los servicios y \u00e1reas de Intelimedia.\u00a0<\/div>\n<p>[\/et_pb_team_member][\/et_pb_column][et_pb_column type=&#8221;1_6&#8243; _builder_version=&#8221;3.29.3&#8243; _i=&#8221;3&#8243; _address=&#8221;2.1.3&#8243;][et_pb_team_member name=&#8221;Cristian Popa&#8221; position=&#8221;Marketero Digital y Creativo&#8221; image_url=&#8221;https:\/\/www2.intelimedia.cl\/wp-content\/uploads\/2020\/07\/Mesa-de-trabajo-2-8-300&#215;300.png&#8221; _builder_version=&#8221;3.29.3&#8243; body_line_height=&#8221;2em&#8221; position_letter_spacing=&#8221;2px&#8221; _i=&#8221;0&#8243; _address=&#8221;2.1.3.0&#8243;]<\/p>\n<p>Mi responsabilidad es llevar a cabo y monitorear campa\u00f1as de Marketing Digital por distintos canales y crear contenido Audiovisual.<\/p>\n<p>[\/et_pb_team_member][\/et_pb_column][et_pb_column type=&#8221;1_6&#8243; _builder_version=&#8221;3.29.3&#8243; _i=&#8221;4&#8243; _address=&#8221;2.1.4&#8243;][et_pb_team_member name=&#8221;Francisco Von Teuber&#8221; position=&#8221;Big Boss&#8221; image_url=&#8221;https:\/\/www2.intelimedia.cl\/wp-content\/uploads\/2020\/07\/Mesa-de-trabajo-3-8-300&#215;300.png&#8221; _builder_version=&#8221;3.29.3&#8243; body_line_height=&#8221;2em&#8221; position_letter_spacing=&#8221;2px&#8221; _i=&#8221;0&#8243; _address=&#8221;2.1.4.0&#8243;]<\/p>\n<p><span>Mi objetivo es lograr que nuestras 5 \u00e1reas se transformen en el soporte de marketing de nuestro cliente<\/span><\/p>\n<p>[\/et_pb_team_member][\/et_pb_column][et_pb_column type=&#8221;1_6&#8243; _builder_version=&#8221;3.29.3&#8243; _i=&#8221;5&#8243; _address=&#8221;2.1.5&#8243;][et_pb_team_member name=&#8221;Angela Capacho&#8221; position=&#8221;Contact center&#8221; image_url=&#8221;https:\/\/www2.intelimedia.cl\/wp-content\/uploads\/2020\/07\/Mesa-de-trabajo-6-8-300&#215;300.png&#8221; _builder_version=&#8221;3.29.3&#8243; body_line_height=&#8221;2em&#8221; position_letter_spacing=&#8221;2px&#8221; text_orientation=&#8221;left&#8221; _i=&#8221;0&#8243; _address=&#8221;2.1.5.0&#8243;]<\/p>\n<p style=\"text-align: left;\">Me dedico a que nuestro contact center atienda todos los requerimientos, coordinar ejecuci\u00f3n de campa\u00f1as solicitadas con sus respectivos reportes, as\u00ed como brindar la mayor empat\u00eda a los clientes.<\/p>\n<p>[\/et_pb_team_member][\/et_pb_column][\/et_pb_row][\/et_pb_section][et_pb_section fb_built=&#8221;1&#8243; _builder_version=&#8221;3.29.3&#8243; fb_built=&#8221;1&#8243; _i=&#8221;3&#8243; _address=&#8221;3&#8243;][et_pb_row _builder_version=&#8221;3.29.3&#8243; _i=&#8221;0&#8243; _address=&#8221;3.0&#8243;][et_pb_column type=&#8221;4_4&#8243; _builder_version=&#8221;3.29.3&#8243; _i=&#8221;0&#8243; _address=&#8221;3.0.0&#8243;][et_pb_text _builder_version=&#8221;3.29.3&#8243; text_font_size=&#8221;35px&#8221; _i=&#8221;0&#8243; _address=&#8221;3.0.0.0&#8243;]<\/p>\n<p style=\"text-align: center;\">Confian en nosotros<\/p>\n<p>[\/et_pb_text][\/et_pb_column][\/et_pb_row][et_pb_row column_structure=&#8221;1_6,1_6,1_6,1_6,1_6,1_6&#8243; _builder_version=&#8221;3.29.3&#8243; width=&#8221;100%&#8221; max_width=&#8221;1300px&#8221; max_width_tablet=&#8221;84%&#8221; max_width_phone=&#8221;45%&#8221; max_width_last_edited=&#8221;on|desktop&#8221; _i=&#8221;1&#8243; _address=&#8221;3.1&#8243;][et_pb_column type=&#8221;1_6&#8243; _builder_version=&#8221;3.29.3&#8243; _i=&#8221;0&#8243; _address=&#8221;3.1.0&#8243;][et_pb_image src=&#8221;https:\/\/www2.intelimedia.cl\/wp-content\/uploads\/2020\/03\/logo-pionono-compressor.jpg&#8221; _builder_version=&#8221;3.29.3&#8243; _i=&#8221;0&#8243; _address=&#8221;3.1.0.0&#8243;][\/et_pb_image][\/et_pb_column][et_pb_column type=&#8221;1_6&#8243; _builder_version=&#8221;3.29.3&#8243; _i=&#8221;1&#8243; _address=&#8221;3.1.1&#8243;][et_pb_image src=&#8221;https:\/\/www2.intelimedia.cl\/wp-content\/uploads\/2020\/03\/logo-skoda-zentrum-compressor.png&#8221; align=&#8221;center&#8221; _builder_version=&#8221;3.29.3&#8243; custom_margin=&#8221;24px||||false|false&#8221; _i=&#8221;0&#8243; _address=&#8221;3.1.1.0&#8243;][\/et_pb_image][\/et_pb_column][et_pb_column type=&#8221;1_6&#8243; _builder_version=&#8221;3.29.3&#8243; _i=&#8221;2&#8243; _address=&#8221;3.1.2&#8243;][et_pb_image src=&#8221;https:\/\/www2.intelimedia.cl\/wp-content\/uploads\/2020\/03\/logo-naranjo.png&#8221; _builder_version=&#8221;3.29.3&#8243; transform_scale=&#8221;110%|110%&#8221; width=&#8221;100%&#8221; max_width=&#8221;100%&#8221; custom_margin=&#8221;23px||||false|false&#8221; _i=&#8221;0&#8243; _address=&#8221;3.1.2.0&#8243;][\/et_pb_image][\/et_pb_column][et_pb_column type=&#8221;1_6&#8243; _builder_version=&#8221;3.29.3&#8243; _i=&#8221;3&#8243; _address=&#8221;3.1.3&#8243;][et_pb_image src=&#8221;https:\/\/www2.intelimedia.cl\/wp-content\/uploads\/2020\/03\/bioambiente-compressor.jpg&#8221; _builder_version=&#8221;3.29.3&#8243; custom_margin=&#8221;10px||||false|false&#8221; _i=&#8221;0&#8243; _address=&#8221;3.1.3.0&#8243;][\/et_pb_image][\/et_pb_column][et_pb_column type=&#8221;1_6&#8243; _builder_version=&#8221;3.29.3&#8243; _i=&#8221;4&#8243; _address=&#8221;3.1.4&#8243;][et_pb_image src=&#8221;https:\/\/www2.intelimedia.cl\/wp-content\/uploads\/2020\/04\/logo-negro-300&#215;40.png&#8221; _builder_version=&#8221;3.29.3&#8243; custom_margin=&#8221;25px||||false|false&#8221; _i=&#8221;0&#8243; _address=&#8221;3.1.4.0&#8243;][\/et_pb_image][\/et_pb_column][et_pb_column type=&#8221;1_6&#8243; _builder_version=&#8221;3.29.3&#8243; _i=&#8221;5&#8243; _address=&#8221;3.1.5&#8243;][et_pb_image src=&#8221;https:\/\/www2.intelimedia.cl\/wp-content\/uploads\/2020\/04\/chrysler-300&#215;150.png&#8221; _builder_version=&#8221;3.29.3&#8243; _i=&#8221;0&#8243; _address=&#8221;3.1.5.0&#8243;][\/et_pb_image][\/et_pb_column][\/et_pb_row][et_pb_row column_structure=&#8221;1_6,1_6,1_6,1_6,1_6,1_6&#8243; _builder_version=&#8221;3.29.3&#8243; width=&#8221;100%&#8221; max_width=&#8221;1300px&#8221; max_width_tablet=&#8221;84%&#8221; max_width_phone=&#8221;45%&#8221; max_width_last_edited=&#8221;on|desktop&#8221; _i=&#8221;2&#8243; _address=&#8221;3.2&#8243;][et_pb_column type=&#8221;1_6&#8243; _builder_version=&#8221;3.29.3&#8243; _i=&#8221;0&#8243; _address=&#8221;3.2.0&#8243;][et_pb_image src=&#8221;https:\/\/www2.intelimedia.cl\/wp-content\/uploads\/2020\/04\/conchaytoro-300&#215;150.png&#8221; _builder_version=&#8221;3.29.3&#8243; custom_margin=&#8221;0px||||false|false&#8221; _i=&#8221;0&#8243; _address=&#8221;3.2.0.0&#8243;][\/et_pb_image][\/et_pb_column][et_pb_column type=&#8221;1_6&#8243; _builder_version=&#8221;3.29.3&#8243; _i=&#8221;1&#8243; _address=&#8221;3.2.1&#8243;][et_pb_image src=&#8221;https:\/\/www2.intelimedia.cl\/wp-content\/uploads\/2020\/04\/global-300&#215;150.png&#8221; align=&#8221;center&#8221; _builder_version=&#8221;3.29.3&#8243; custom_margin=&#8221;0px||||false|false&#8221; _i=&#8221;0&#8243; _address=&#8221;3.2.1.0&#8243;][\/et_pb_image][\/et_pb_column][et_pb_column type=&#8221;1_6&#8243; _builder_version=&#8221;3.29.3&#8243; _i=&#8221;2&#8243; _address=&#8221;3.2.2&#8243;][et_pb_image src=&#8221;https:\/\/www2.intelimedia.cl\/wp-content\/uploads\/2020\/04\/dodge-300&#215;150.png&#8221; _builder_version=&#8221;3.29.3&#8243; transform_scale=&#8221;110%|110%&#8221; width=&#8221;100%&#8221; max_width=&#8221;100%&#8221; custom_margin=&#8221;0px||||false|false&#8221; _i=&#8221;0&#8243; _address=&#8221;3.2.2.0&#8243;][\/et_pb_image][\/et_pb_column][et_pb_column type=&#8221;1_6&#8243; _builder_version=&#8221;3.29.3&#8243; _i=&#8221;3&#8243; _address=&#8221;3.2.3&#8243;][et_pb_image src=&#8221;https:\/\/www2.intelimedia.cl\/wp-content\/uploads\/2020\/04\/honda-300&#215;150.png&#8221; _builder_version=&#8221;3.29.3&#8243; custom_margin=&#8221;0px||||false|false&#8221; _i=&#8221;0&#8243; _address=&#8221;3.2.3.0&#8243;][\/et_pb_image][\/et_pb_column][et_pb_column type=&#8221;1_6&#8243; _builder_version=&#8221;3.29.3&#8243; _i=&#8221;4&#8243; _address=&#8221;3.2.4&#8243;][et_pb_image src=&#8221;https:\/\/www2.intelimedia.cl\/wp-content\/uploads\/2020\/04\/iberocar-300&#215;150.png&#8221; _builder_version=&#8221;3.29.3&#8243; custom_margin=&#8221;0px||||false|false&#8221; _i=&#8221;0&#8243; _address=&#8221;3.2.4.0&#8243;][\/et_pb_image][\/et_pb_column][et_pb_column type=&#8221;1_6&#8243; _builder_version=&#8221;3.29.3&#8243; _i=&#8221;5&#8243; _address=&#8221;3.2.5&#8243;][et_pb_image src=&#8221;https:\/\/www2.intelimedia.cl\/wp-content\/uploads\/2020\/04\/jeep-300&#215;150.png&#8221; _builder_version=&#8221;3.29.3&#8243; _i=&#8221;0&#8243; _address=&#8221;3.2.5.0&#8243;][\/et_pb_image][\/et_pb_column][\/et_pb_row][et_pb_row column_structure=&#8221;1_6,1_6,1_6,1_6,1_6,1_6&#8243; _builder_version=&#8221;3.29.3&#8243; width=&#8221;100%&#8221; max_width=&#8221;1300px&#8221; max_width_tablet=&#8221;84%&#8221; max_width_phone=&#8221;45%&#8221; max_width_last_edited=&#8221;on|desktop&#8221; _i=&#8221;3&#8243; _address=&#8221;3.3&#8243;][et_pb_column type=&#8221;1_6&#8243; _builder_version=&#8221;3.29.3&#8243; _i=&#8221;0&#8243; _address=&#8221;3.3.0&#8243;][et_pb_image src=&#8221;https:\/\/www2.intelimedia.cl\/wp-content\/uploads\/2020\/04\/logo-tabali-300&#215;86.png&#8221; _builder_version=&#8221;3.29.3&#8243; _i=&#8221;0&#8243; _address=&#8221;3.3.0.0&#8243;][\/et_pb_image][\/et_pb_column][et_pb_column type=&#8221;1_6&#8243; _builder_version=&#8221;3.29.3&#8243; _i=&#8221;1&#8243; _address=&#8221;3.3.1&#8243;][et_pb_image src=&#8221;https:\/\/www2.intelimedia.cl\/wp-content\/uploads\/2020\/04\/audi-300&#215;150.png&#8221; _builder_version=&#8221;3.29.3&#8243; _i=&#8221;0&#8243; _address=&#8221;3.3.1.0&#8243;][\/et_pb_image][\/et_pb_column][et_pb_column type=&#8221;1_6&#8243; _builder_version=&#8221;3.29.3&#8243; _i=&#8221;2&#8243; _address=&#8221;3.3.2&#8243;][et_pb_image src=&#8221;https:\/\/www2.intelimedia.cl\/wp-content\/uploads\/2020\/04\/mitsubishi-300&#215;150.png&#8221; _builder_version=&#8221;3.29.3&#8243; transform_scale=&#8221;110%|110%&#8221; width=&#8221;100%&#8221; max_width=&#8221;100%&#8221; custom_margin=&#8221;0px||||false|false&#8221; _i=&#8221;0&#8243; _address=&#8221;3.3.2.0&#8243;][\/et_pb_image][\/et_pb_column][et_pb_column type=&#8221;1_6&#8243; _builder_version=&#8221;3.29.3&#8243; _i=&#8221;3&#8243; _address=&#8221;3.3.3&#8243;][et_pb_image src=&#8221;https:\/\/www2.intelimedia.cl\/wp-content\/uploads\/2020\/04\/premium-brands-300&#215;150.png&#8221; _builder_version=&#8221;3.29.3&#8243; custom_margin=&#8221;0px||||false|false&#8221; _i=&#8221;0&#8243; _address=&#8221;3.3.3.0&#8243;][\/et_pb_image][\/et_pb_column][et_pb_column type=&#8221;1_6&#8243; _builder_version=&#8221;3.29.3&#8243; _i=&#8221;4&#8243; _address=&#8221;3.3.4&#8243;][et_pb_image src=&#8221;https:\/\/www2.intelimedia.cl\/wp-content\/uploads\/2020\/04\/volkswagen-300&#215;150.png&#8221; _builder_version=&#8221;3.29.3&#8243; _i=&#8221;0&#8243; _address=&#8221;3.3.4.0&#8243;][\/et_pb_image][\/et_pb_column][et_pb_column type=&#8221;1_6&#8243; _builder_version=&#8221;3.29.3&#8243; _i=&#8221;5&#8243; _address=&#8221;3.3.5&#8243;][\/et_pb_column][\/et_pb_row][et_pb_row _builder_version=&#8221;3.29.3&#8243; _i=&#8221;4&#8243; _address=&#8221;3.4&#8243;][et_pb_column type=&#8221;4_4&#8243; _builder_version=&#8221;3.29.3&#8243; _i=&#8221;0&#8243; _address=&#8221;3.4.0&#8243;][et_pb_divider show_divider=&#8221;off&#8221; _builder_version=&#8221;3.29.3&#8243; _i=&#8221;0&#8243; _address=&#8221;3.4.0.0&#8243;][\/et_pb_divider][\/et_pb_column][\/et_pb_row][\/et_pb_section][et_pb_section fb_built=&#8221;1&#8243; fullwidth=&#8221;on&#8221; _builder_version=&#8221;3.29.3&#8243; fb_built=&#8221;1&#8243; _i=&#8221;4&#8243; _address=&#8221;4&#8243;][\/et_pb_section][et_pb_section fb_built=&#8221;1&#8243; _builder_version=&#8221;3.29.3&#8243; use_background_color_gradient=&#8221;on&#8221; background_color_gradient_start=&#8221;rgba(136,196,221,0.82)&#8221; background_color_gradient_end=&#8221;rgba(12,113,195,0.86)&#8221; background_color_gradient_direction=&#8221;93deg&#8221; background_color_gradient_start_position=&#8221;26%&#8221; background_color_gradient_overlays_image=&#8221;on&#8221; background_image=&#8221;https:\/\/www2.intelimedia.cl\/wp-content\/uploads\/2020\/03\/reunio.jpg&#8221; height_last_edited=&#8221;on|phone&#8221; custom_margin=&#8221;-46px||||false|false&#8221; top_divider_style=&#8221;arrow2&#8243; top_divider_color=&#8221;#f4f4f4&#8243; top_divider_height=&#8221;133px&#8221; top_divider_flip=&#8221;vertical|horizontal&#8221; fb_built=&#8221;1&#8243; _i=&#8221;5&#8243; _address=&#8221;5&#8243;][et_pb_row _builder_version=&#8221;3.29.3&#8243; _i=&#8221;0&#8243; _address=&#8221;5.0&#8243;][et_pb_column type=&#8221;4_4&#8243; _builder_version=&#8221;3.29.3&#8243; _i=&#8221;0&#8243; _address=&#8221;5.0.0&#8243;][et_pb_divider show_divider=&#8221;off&#8221; _builder_version=&#8221;3.29.3&#8243; custom_padding=&#8221;||16px|||&#8221; _i=&#8221;0&#8243; _address=&#8221;5.0.0.0&#8243;][\/et_pb_divider][et_pb_text _builder_version=&#8221;3.29.3&#8243; text_font=&#8221;|||on|||||&#8221; text_text_color=&#8221;#FFFFFF&#8221; text_font_size=&#8221;30px&#8221; header_text_color=&#8221;#FFFFFF&#8221; custom_padding=&#8221;||29px|||&#8221; _i=&#8221;1&#8243; _address=&#8221;5.0.0.1&#8243;]<\/p>\n<p style=\"text-align: center;\"><span style=\"color: #ffffff;\">Empecemos<\/span><\/p>\n<p>[\/et_pb_text][et_pb_text _builder_version=&#8221;3.29.3&#8243; text_font=&#8221;||||||||&#8221; text_text_color=&#8221;#FFFFFF&#8221; text_font_size=&#8221;42px&#8221; text_line_height=&#8221;1.8em&#8221; width_last_edited=&#8221;on|tablet&#8221; custom_margin=&#8221;2px|||||&#8221; text_font_size_phone=&#8221;28px&#8221; text_font_size_last_edited=&#8221;on|phone&#8221; text_letter_spacing_last_edited=&#8221;on|tablet&#8221; header_font_size_phone=&#8221;38px&#8221; header_font_size_last_edited=&#8221;off|phone&#8221; _i=&#8221;2&#8243; _address=&#8221;5.0.0.2&#8243;]<\/p>\n<p style=\"text-align: center;\">\u00bfListo para aumentar tus clientes?<\/p>\n<p style=\"text-align: center;\">Constuyamos ese exito juntos<\/p>\n<p>[\/et_pb_text][et_pb_code _builder_version=&#8221;3.29.3&#8243; width=&#8221;90%&#8221; module_alignment=&#8221;center&#8221; hover_enabled=&#8221;0&#8243; _i=&#8221;2&#8243; _address=&#8221;0.1.2&#8243;]<script charset=\"utf-8\" type=\"text\/javascript\" src=\"\/\/js.hsforms.net\/forms\/shell.js\"><\/script><!-- [et_pb_line_break_holder] --><script><!-- [et_pb_line_break_holder] -->  hbspt.forms.create({<!-- [et_pb_line_break_holder] -->\tportalId: \"8034851\",<!-- [et_pb_line_break_holder] -->\tformId: \"0244006b-e830-452c-919f-3465ef35dae5\"<!-- [et_pb_line_break_holder] -->});<!-- [et_pb_line_break_holder] --><\/script>[\/et_pb_code][et_pb_social_media_follow _builder_version=&#8221;3.29.3&#8243; text_orientation=&#8221;center&#8221; _i=&#8221;4&#8243; _address=&#8221;5.0.0.4&#8243;][et_pb_social_media_follow_network social_network=&#8221;linkedin&#8221; url=&#8221;https:\/\/www.linkedin.com\/company\/intelimedia-cl\/&#8221; icon_color=&#8221;#FFFFFF&#8221; _builder_version=&#8221;3.29.3&#8243; background_color=&#8221;#0C71C3&#8243; background_enable_color=&#8221;on&#8221; follow_button=&#8221;off&#8221; url_new_window=&#8221;on&#8221; _i=&#8221;0&#8243; _address=&#8221;5.0.0.4.0&#8243;]linkedin[\/et_pb_social_media_follow_network][et_pb_social_media_follow_network social_network=&#8221;twitter&#8221; icon_color=&#8221;#FFFFFF&#8221; _builder_version=&#8221;3.29.3&#8243; background_color=&#8221;#0C71C3&#8243; background_enable_color=&#8221;on&#8221; follow_button=&#8221;off&#8221; url_new_window=&#8221;on&#8221; _i=&#8221;1&#8243; _address=&#8221;5.0.0.4.1&#8243;]twitter[\/et_pb_social_media_follow_network][\/et_pb_social_media_follow][\/et_pb_column][\/et_pb_row][\/et_pb_section]<\/p>\n","protected":false},"excerpt":{"rendered":"<p>[et_pb_section fb_built=&#8221;1&#8243; next_background_color=&#8221;#ffffff&#8221; module_id=&#8221;contacto&#8221; _builder_version=&#8221;3.29.3&#8243; background_enable_color=&#8221;off&#8221; background_image=&#8221;https:\/\/www2.intelimedia.cl\/wp-content\/uploads\/2020\/03\/fondo-compressor-1.jpg&#8221; bottom_divider_style=&#8221;ramp2&#8243; bottom_divider_height=&#8221;145px&#8221; bottom_divider_flip=&#8221;horizontal&#8221; fb_built=&#8221;1&#8243; _i=&#8221;0&#8243; _address=&#8221;0&#8243;][et_pb_row _builder_version=&#8221;3.29.3&#8243; _i=&#8221;0&#8243; _address=&#8221;0.0&#8243;][et_pb_column type=&#8221;4_4&#8243; _builder_version=&#8221;3.29.3&#8243; _i=&#8221;0&#8243; _address=&#8221;0.0.0&#8243;][et_pb_image src=&#8221;https:\/\/www2.intelimedia.cl\/wp-content\/uploads\/2020\/03\/logo-letras-negro.png&#8221; _builder_version=&#8221;3.29.3&#8243; _i=&#8221;0&#8243; _address=&#8221;0.0.0.0&#8243;][\/et_pb_image][et_pb_blurb title=&#8221;M\u00e1s que una agencia, tu departamento de Marketing&#8221; _builder_version=&#8221;3.29.3&#8243; header_font_size=&#8221;21px&#8221; body_font_size=&#8221;18px&#8221; text_orientation=&#8221;center&#8221; _i=&#8221;1&#8243; _address=&#8221;0.0.0.1&#8243;] Somo especialistas en administraci\u00f3n y construcci\u00f3n de carteras de clientes. [\/et_pb_blurb][\/et_pb_column][\/et_pb_row][\/et_pb_section][et_pb_section fb_built=&#8221;1&#8243; _builder_version=&#8221;3.29.3&#8243; fb_built=&#8221;1&#8243; _i=&#8221;1&#8243; _address=&#8221;1&#8243;][et_pb_row _builder_version=&#8221;3.29.3&#8243; [&hellip;]<\/p>\n","protected":false},"author":1,"featured_media":0,"parent":0,"menu_order":0,"comment_status":"closed","ping_status":"closed","template":"","meta":{"_et_pb_use_builder":"on","_et_pb_old_content":"","footnotes":""},"class_list":["post-95","page","type-page","status-publish","hentry"],"_links":{"self":[{"href":"https:\/\/www.intelimedia.cl\/index.php\/wp-json\/wp\/v2\/pages\/95"}],"collection":[{"href":"https:\/\/www.intelimedia.cl\/index.php\/wp-json\/wp\/v2\/pages"}],"about":[{"href":"https:\/\/www.intelimedia.cl\/index.php\/wp-json\/wp\/v2\/types\/page"}],"author":[{"embeddable":true,"href":"https:\/\/www.intelimedia.cl\/index.php\/wp-json\/wp\/v2\/users\/1"}],"replies":[{"embeddable":true,"href":"https:\/\/www.intelimedia.cl\/index.php\/wp-json\/wp\/v2\/comments?post=95"}],"version-history":[{"count":25,"href":"https:\/\/www.intelimedia.cl\/index.php\/wp-json\/wp\/v2\/pages\/95\/revisions"}],"predecessor-version":[{"id":478,"href":"https:\/\/www.intelimedia.cl\/index.php\/wp-json\/wp\/v2\/pages\/95\/revisions\/478"}],"wp:attachment":[{"href":"https:\/\/www.intelimedia.cl\/index.php\/wp-json\/wp\/v2\/media?parent=95"}],"curies":[{"name":"wp","href":"https:\/\/api.w.org\/{rel}","templated":true}]}}